{"id":6,"date":"2013-03-20T20:47:18","date_gmt":"2013-03-20T18:47:18","guid":{"rendered":"http:\/\/kgv-erholung-leipzig.de\/?page_id=6"},"modified":"2020-02-23T15:17:36","modified_gmt":"2020-02-23T14:17:36","slug":"verein","status":"publish","type":"page","link":"http:\/\/kgv-erholung-leipzig.de\/?page_id=6","title":{"rendered":"Verein"},"content":{"rendered":"<p style=\"text-align: justify;\">Der <em>Kleingartenverein (KGV) Erholung e.V.<\/em> im Leipziger S\u00fcden ist einer der \u00e4ltesten und traditionsreichsten der \u00fcber 200 Gartenvereine der Stadt. Die Geschichte des Vereins beginnt im Jahr 1900. Im Zusammenhang mit dem starken Anstieg der Bev\u00f6lkerungszahl Ende des 19. Jahrhunderts entstand in Connewitz,&nbsp; das 1881 eingemeindet wurde, bei vielen Einwohnern der Wunsch, einen eigenen Garten zu bewirtschaften. Vorl\u00e4ufer des Vereins waren die sogenannten Kameruner-G\u00e4rten, die sich angefangen von der ehemaligen Kronprinzstra\u00dfe (heute Kurt-Eisner-Stra\u00dfe) nach Connewitz erstreckten. Heute umfasst die Kleingartenanlage des <em>KGV Erholung<\/em> \u00fcber 260 Parzellen auf einer Fl\u00e4che von 5,78 Hektar. Zum Vergleich: Dies entspricht etwa der Grundfl\u00e4che der Cheops-Pyramide in \u00c4gypten!<\/p>\n<h2><strong>Vereinschronik<\/strong><\/h2>\n<p>1900&nbsp;&nbsp;&nbsp;&nbsp; Vereinsgr\u00fcndung und Bau des Vereinshauses<\/p>\n<figure id=\"attachment_84\" aria-describedby=\"caption-attachment-84\" style=\"width: 300px\" class=\"wp-caption aligncenter\"><a href=\"http:\/\/kgv-erholung-leipzig.de\/wp-content\/uploads\/2013\/03\/Vereinshaus1900.jpg\"><img loading=\"lazy\" decoding=\"async\" width=\"300\" height=\"135\" class=\"size-medium wp-image-84\" alt=\"Vereinshaus im Jahr 1990\" src=\"http:\/\/kgv-erholung-leipzig.de\/wp-content\/uploads\/2013\/03\/Vereinshaus1900-300x135.jpg\" srcset=\"http:\/\/kgv-erholung-leipzig.de\/wp-content\/uploads\/2013\/03\/Vereinshaus1900-300x135.jpg 300w, http:\/\/kgv-erholung-leipzig.de\/wp-content\/uploads\/2013\/03\/Vereinshaus1900.jpg 470w\" sizes=\"auto, (max-width: 300px) 100vw, 300px\" \/><\/a><figcaption id=\"caption-attachment-84\" class=\"wp-caption-text\">Vereinshaus im Jahr 1990<\/figcaption><\/figure>\n<p>1927&nbsp;&nbsp;&nbsp;&nbsp;&nbsp; Errichtung der Spielhalle<\/p>\n<p>1931&nbsp;&nbsp;&nbsp;&nbsp;&nbsp; Einweihung der Kegelbahn<\/p>\n<p>1944&nbsp;&nbsp;&nbsp;&nbsp;&nbsp; Zerst\u00f6rung des Vereinshauses durch Bomben<\/p>\n<p>1949&nbsp;&nbsp;&nbsp;&nbsp;&nbsp; Beginn des Wiederaufbaus des Vereinshauses<\/p>\n<figure id=\"attachment_50\" aria-describedby=\"caption-attachment-50\" style=\"width: 281px\" class=\"wp-caption aligncenter\"><a href=\"http:\/\/kgv-erholung-leipzig.de\/wp-content\/uploads\/2013\/03\/Vereinshaus1952.jpg\"><img loading=\"lazy\" decoding=\"async\" width=\"281\" height=\"204\" class=\"size-full wp-image-50\" alt=\"Wiederaufbau des Vereinshauses 1952\" src=\"http:\/\/kgv-erholung-leipzig.de\/wp-content\/uploads\/2013\/03\/Vereinshaus1952.jpg\"><\/a><figcaption id=\"caption-attachment-50\" class=\"wp-caption-text\">Wiederaufbau des Vereinshauses 1952<\/figcaption><\/figure>\n<p>1952&nbsp;&nbsp;&nbsp;&nbsp;&nbsp; Feierliche Einweihung des neuen Vereinsheims<\/p>\n<p>1963&nbsp;&nbsp;&nbsp;&nbsp;&nbsp; Erweiterung des Vereinshauses und Wiedereinrichtung der Kegelbahn<\/p>\n<p>1970er&nbsp; Elektrifizierung der Gartenanlage<\/p>\n<p>1980er&nbsp; Befestigung des Hauptwegs<\/p>\n<p>1988&nbsp;&nbsp;&nbsp;&nbsp;&nbsp; Anschluss der Hauptgasanleitung f\u00fcr das Vereinshaus<\/p>\n<p>Im Wendejahr 1990 wird der&nbsp; <em>KGV Erholung<\/em> in das Vereinsregister beim Kreisgericht eingetragen. Au\u00dferem schlie\u00dft der Verein eine Partnerschaft mit dem <em><a href=\"http:\/\/www.kgv-flora.de\/\" target=\"_blank\" rel=\"noopener noreferrer\">KGV Flora<\/a><\/em> in Hannover.<\/p>\n<p>1991&nbsp;&nbsp;&nbsp;&nbsp;&nbsp; Er\u00f6ffnung der v\u00f6llig neu renovierten Gastst\u00e4tte<\/p>\n<figure id=\"attachment_85\" aria-describedby=\"caption-attachment-85\" style=\"width: 300px\" class=\"wp-caption aligncenter\"><a href=\"http:\/\/kgv-erholung-leipzig.de\/wp-content\/uploads\/2013\/03\/Gaststaette19911.jpg\"><img loading=\"lazy\" decoding=\"async\" width=\"300\" height=\"212\" class=\"size-medium wp-image-85\" alt=\"Speisesaal der G\u00e4stst\u00e4tte im Jahr 1990\" src=\"http:\/\/kgv-erholung-leipzig.de\/wp-content\/uploads\/2013\/03\/Gaststaette19911-300x212.jpg\" srcset=\"http:\/\/kgv-erholung-leipzig.de\/wp-content\/uploads\/2013\/03\/Gaststaette19911-300x212.jpg 300w, http:\/\/kgv-erholung-leipzig.de\/wp-content\/uploads\/2013\/03\/Gaststaette19911.jpg 359w\" sizes=\"auto, (max-width: 300px) 100vw, 300px\" \/><\/a><figcaption id=\"caption-attachment-85\" class=\"wp-caption-text\">Speisesaal der G\u00e4stst\u00e4tte im Jahr 1990<\/figcaption><\/figure>\n<p>1996&nbsp;&nbsp;&nbsp;&nbsp;&nbsp; Ausrichtung des \u201e<a href=\"http:\/\/stadtverband-leipzig.de\/tag-des-gartens.html\" target=\"_blank\" rel=\"noopener noreferrer\">Tag des Gartens<\/a>\u201c durch den KGV Erholung<\/p>\n<p>1998&nbsp;&nbsp;&nbsp;&nbsp;&nbsp; erster Veteranenstammtisch<\/p>\n<p>In den Jahren 1997 bis 2000 erfolgen die Erneuerung der Wasserleitungen und der Au\u00dfenz\u00e4une sowie der Bau der Entsorgungsanlage f\u00fcr Biotoiletten.<\/p>\n<p>1999&nbsp;&nbsp;&nbsp;&nbsp;&nbsp; Auszeichnung des KGV Erholung als \u201e<a href=\"http:\/\/kgv-erholung-leipzig.de\/wp-content\/uploads\/2013\/03\/Kleingartenanlage-des-Jahres1999.pdf\" target=\"_blank\" rel=\"noopener noreferrer\">Leipziger Kleingartenanlage des Jahres<\/a>\u201c<\/p>\n<p>2000&nbsp;&nbsp;&nbsp;&nbsp;&nbsp; Hundertjahrfeier<\/p>\n<figure id=\"attachment_48\" aria-describedby=\"caption-attachment-48\" style=\"width: 300px\" class=\"wp-caption aligncenter\"><a href=\"http:\/\/kgv-erholung-leipzig.de\/wp-content\/uploads\/2013\/03\/Postkarten-105-j\u00e4hriges-Jubil\u00e4um_2.jpg\"><img loading=\"lazy\" decoding=\"async\" width=\"300\" height=\"214\" class=\"wp-image-48 size-medium\" alt=\"Postkarte anl\u00e4sslich des 105-j\u00e4hrigen Jubil\u00e4ums des KGV Erholung\" src=\"http:\/\/kgv-erholung-leipzig.de\/wp-content\/uploads\/2013\/03\/Postkarten-105-j\u00e4hriges-Jubil\u00e4um_2-300x214.jpg\" srcset=\"http:\/\/kgv-erholung-leipzig.de\/wp-content\/uploads\/2013\/03\/Postkarten-105-j\u00e4hriges-Jubil\u00e4um_2-300x214.jpg 300w, http:\/\/kgv-erholung-leipzig.de\/wp-content\/uploads\/2013\/03\/Postkarten-105-j\u00e4hriges-Jubil\u00e4um_2-1024x729.jpg 1024w, http:\/\/kgv-erholung-leipzig.de\/wp-content\/uploads\/2013\/03\/Postkarten-105-j\u00e4hriges-Jubil\u00e4um_2.jpg 1689w\" sizes=\"auto, (max-width: 300px) 100vw, 300px\" \/><\/a><figcaption id=\"caption-attachment-48\" class=\"wp-caption-text\">Postkarte anl\u00e4sslich des 105-j\u00e4hrigen Jubil\u00e4ums des KGV Erholung<\/figcaption><\/figure>\n<p>Mehr zur Geschichte des <em>KGV Erholung<\/em> ist in der Chronik zum 100-j\u00e4hrigen Bestehen aus dem Jahr 2000 zu finden (PDF, 19 MB).<\/p>\n<p><a href=\"http:\/\/kgv-erholung-leipzig.de\/wp-content\/uploads\/2016\/12\/Chronik-KGV-Erholung-1900-2000_small.pdf\" target=\"_blank\" rel=\"attachment noopener wp-att-785 noreferrer\"><img loading=\"lazy\" decoding=\"async\" width=\"205\" height=\"300\" class=\"wp-image-785 size-medium aligncenter\" alt=\"Vereinschronik 1900-2000 Deckblatt\" src=\"http:\/\/kgv-erholung-leipzig.de\/wp-content\/uploads\/2016\/12\/Vereinschronik_Deckblatt-205x300.jpg\" srcset=\"http:\/\/kgv-erholung-leipzig.de\/wp-content\/uploads\/2016\/12\/Vereinschronik_Deckblatt-205x300.jpg 205w, http:\/\/kgv-erholung-leipzig.de\/wp-content\/uploads\/2016\/12\/Vereinschronik_Deckblatt.jpg 351w\" sizes=\"auto, (max-width: 205px) 100vw, 205px\" \/><\/a><\/p>\n","protected":false},"excerpt":{"rendered":"<p>Der Kleingartenverein (KGV) Erholung e.V. im Leipziger S\u00fcden ist einer der \u00e4ltesten und traditionsreichsten der \u00fcber 200 Gartenvereine der Stadt. Die Geschichte des Vereins beginnt im Jahr 1900. Im Zusammenhang mit dem starken Anstieg der Bev\u00f6lkerungszahl Ende des 19. Jahrhunderts<\/p>\n","protected":false},"author":1,"featured_media":0,"parent":0,"menu_order":2,"comment_status":"closed","ping_status":"open","template":"","meta":{"ngg_post_thumbnail":0,"footnotes":""},"class_list":["post-6","page","type-page","status-publish","hentry"],"_links":{"self":[{"href":"http:\/\/kgv-erholung-leipzig.de\/index.php?rest_route=\/wp\/v2\/pages\/6","targetHints":{"allow":["GET"]}}],"collection":[{"href":"http:\/\/kgv-erholung-leipzig.de\/index.php?rest_route=\/wp\/v2\/pages"}],"about":[{"href":"http:\/\/kgv-erholung-leipzig.de\/index.php?rest_route=\/wp\/v2\/types\/page"}],"author":[{"embeddable":true,"href":"http:\/\/kgv-erholung-leipzig.de\/index.php?rest_route=\/wp\/v2\/users\/1"}],"replies":[{"embeddable":true,"href":"http:\/\/kgv-erholung-leipzig.de\/index.php?rest_route=%2Fwp%2Fv2%2Fcomments&post=6"}],"version-history":[{"count":18,"href":"http:\/\/kgv-erholung-leipzig.de\/index.php?rest_route=\/wp\/v2\/pages\/6\/revisions"}],"predecessor-version":[{"id":1920,"href":"http:\/\/kgv-erholung-leipzig.de\/index.php?rest_route=\/wp\/v2\/pages\/6\/revisions\/1920"}],"wp:attachment":[{"href":"http:\/\/kgv-erholung-leipzig.de\/index.php?rest_route=%2Fwp%2Fv2%2Fmedia&parent=6"}],"curies":[{"name":"wp","href":"https:\/\/api.w.org\/{rel}","templated":true}]}}