{"id":3853,"date":"2025-06-08T07:57:49","date_gmt":"2025-06-08T05:57:49","guid":{"rendered":"http:\/\/kgv-erholung-leipzig.de\/?page_id=3853"},"modified":"2025-06-08T08:09:43","modified_gmt":"2025-06-08T06:09:43","slug":"apfelbaum-gespinstmotte","status":"publish","type":"page","link":"http:\/\/kgv-erholung-leipzig.de\/?page_id=3853","title":{"rendered":"Apfelbaum-Gespinstmotte"},"content":{"rendered":"\n<figure class=\"wp-block-image size-full\"><img loading=\"lazy\" decoding=\"async\" width=\"720\" height=\"280\" src=\"http:\/\/kgv-erholung-leipzig.de\/wp-content\/uploads\/2025\/06\/Raupe_720.jpg\" alt=\"\" class=\"wp-image-3857\" srcset=\"http:\/\/kgv-erholung-leipzig.de\/wp-content\/uploads\/2025\/06\/Raupe_720.jpg 720w, http:\/\/kgv-erholung-leipzig.de\/wp-content\/uploads\/2025\/06\/Raupe_720-300x117.jpg 300w\" sizes=\"auto, (max-width: 720px) 100vw, 720px\" \/><\/figure>\n\n\n\n<p>Zurzeit tritt wieder verst\u00e4rkt die Apfelbaum-Gespinstmotte an den entsprechenden B\u00e4umen auf. Die Raupen f\u00fchren nicht zu dauerhaften Baumsch\u00e4den. F\u00fcr Menschen sind sie ungef\u00e4hrlich. Es kann aber bis zum Kahlfra\u00df der befallenen B\u00e4ume kommen. Dann f\u00e4llt die Ernte aus, oder wird zumindest deutlich reduziert. Der Baum braucht die Kraft, um neue Bl\u00e4tter zu bilden.<\/p>\n\n\n\n<h2 class=\"wp-block-heading\">Empfehlungen<\/h2>\n\n\n<div class=\"wp-block-image\">\n<figure data-wp-context=\"{&quot;imageId&quot;:&quot;6a04aec37b418&quot;}\" data-wp-interactive=\"core\/image\" data-wp-key=\"6a04aec37b418\" class=\"alignright size-medium wp-lightbox-container\"><img loading=\"lazy\" decoding=\"async\" width=\"300\" height=\"300\" data-wp-class--hide=\"state.isContentHidden\" data-wp-class--show=\"state.isContentVisible\" data-wp-init=\"callbacks.setButtonStyles\" data-wp-on--click=\"actions.showLightbox\" data-wp-on--load=\"callbacks.setButtonStyles\" data-wp-on-window--resize=\"callbacks.setButtonStyles\" src=\"http:\/\/kgv-erholung-leipzig.de\/wp-content\/uploads\/2025\/06\/Raupennest_600x600-300x300.jpg\" alt=\"\" class=\"wp-image-3855\" srcset=\"http:\/\/kgv-erholung-leipzig.de\/wp-content\/uploads\/2025\/06\/Raupennest_600x600-300x300.jpg 300w, http:\/\/kgv-erholung-leipzig.de\/wp-content\/uploads\/2025\/06\/Raupennest_600x600-150x150.jpg 150w, http:\/\/kgv-erholung-leipzig.de\/wp-content\/uploads\/2025\/06\/Raupennest_600x600-230x230.jpg 230w, http:\/\/kgv-erholung-leipzig.de\/wp-content\/uploads\/2025\/06\/Raupennest_600x600-365x365.jpg 365w, http:\/\/kgv-erholung-leipzig.de\/wp-content\/uploads\/2025\/06\/Raupennest_600x600.jpg 600w\" sizes=\"auto, (max-width: 300px) 100vw, 300px\" \/><button\n\t\t\tclass=\"lightbox-trigger\"\n\t\t\ttype=\"button\"\n\t\t\taria-haspopup=\"dialog\"\n\t\t\taria-label=\"Vergr\u00f6\u00dfern\"\n\t\t\tdata-wp-init=\"callbacks.initTriggerButton\"\n\t\t\tdata-wp-on--click=\"actions.showLightbox\"\n\t\t\tdata-wp-style--right=\"state.imageButtonRight\"\n\t\t\tdata-wp-style--top=\"state.imageButtonTop\"\n\t\t>\n\t\t\t<svg xmlns=\"http:\/\/www.w3.org\/2000\/svg\" width=\"12\" height=\"12\" fill=\"none\" viewBox=\"0 0 12 12\">\n\t\t\t\t<path fill=\"#fff\" d=\"M2 0a2 2 0 0 0-2 2v2h1.5V2a.5.5 0 0 1 .5-.5h2V0H2Zm2 10.5H2a.5.5 0 0 1-.5-.5V8H0v2a2 2 0 0 0 2 2h2v-1.5ZM8 12v-1.5h2a.5.5 0 0 0 .5-.5V8H12v2a2 2 0 0 1-2 2H8Zm2-12a2 2 0 0 1 2 2v2h-1.5V2a.5.5 0 0 0-.5-.5H8V0h2Z\" \/>\n\t\t\t<\/svg>\n\t\t<\/button><\/figure>\n<\/div>\n\n\n<ol start=\"1\" class=\"wp-block-list\">\n<li>B\u00e4ume regelm\u00e4\u00dfig kontrollieren, um Anfangsbefall schnell zu erkennen.<\/li>\n\n\n\n<li>Handschuh anziehen, Nester aus dem Baum pfl\u00fccken und im fest verschlossenen Beutel entsorgen (Restm\u00fcll).<br>Eventuell Nester herausschneiden. (Das regt im Fr\u00fchjahr aber noch neue Triebbildung an, was den Baum auch zus\u00e4tzlich Kraft kostet.)<\/li>\n\n\n\n<li>Nester mit scharfem Wasserstrahl aus dem Baum spritzen und am Boden einsammeln, damit die Raupen nicht wieder in den Baum kriechen. Sinnvoll ist, zuvor den Boden abzudecken. Das erleichtert das Einsammeln.<\/li>\n<\/ol>\n\n\n\n<p><em>Die Fachberatung w\u00fcnscht viel Erfolg!<\/em><\/p>\n\n\n\n<p><\/p>\n\n\n\n<div class=\"wp-block-columns is-layout-flex wp-container-core-columns-is-layout-9d6595d7 wp-block-columns-is-layout-flex\">\n<div class=\"wp-block-column is-layout-flow wp-block-column-is-layout-flow\" style=\"flex-basis:50%\">\n<figure data-wp-context=\"{&quot;imageId&quot;:&quot;6a04aec37b85d&quot;}\" data-wp-interactive=\"core\/image\" data-wp-key=\"6a04aec37b85d\" class=\"wp-block-image size-medium is-resized wp-lightbox-container\"><img loading=\"lazy\" decoding=\"async\" width=\"300\" height=\"300\" data-wp-class--hide=\"state.isContentHidden\" data-wp-class--show=\"state.isContentVisible\" data-wp-init=\"callbacks.setButtonStyles\" data-wp-on--click=\"actions.showLightbox\" data-wp-on--load=\"callbacks.setButtonStyles\" data-wp-on-window--resize=\"callbacks.setButtonStyles\" src=\"http:\/\/kgv-erholung-leipzig.de\/wp-content\/uploads\/2025\/06\/Raupe_600x600-300x300.jpg\" alt=\"\" class=\"wp-image-3854\" style=\"width:373px;height:auto\" srcset=\"http:\/\/kgv-erholung-leipzig.de\/wp-content\/uploads\/2025\/06\/Raupe_600x600-300x300.jpg 300w, http:\/\/kgv-erholung-leipzig.de\/wp-content\/uploads\/2025\/06\/Raupe_600x600-150x150.jpg 150w, http:\/\/kgv-erholung-leipzig.de\/wp-content\/uploads\/2025\/06\/Raupe_600x600-230x230.jpg 230w, http:\/\/kgv-erholung-leipzig.de\/wp-content\/uploads\/2025\/06\/Raupe_600x600-365x365.jpg 365w, http:\/\/kgv-erholung-leipzig.de\/wp-content\/uploads\/2025\/06\/Raupe_600x600.jpg 600w\" sizes=\"auto, (max-width: 300px) 100vw, 300px\" \/><button\n\t\t\tclass=\"lightbox-trigger\"\n\t\t\ttype=\"button\"\n\t\t\taria-haspopup=\"dialog\"\n\t\t\taria-label=\"Vergr\u00f6\u00dfern\"\n\t\t\tdata-wp-init=\"callbacks.initTriggerButton\"\n\t\t\tdata-wp-on--click=\"actions.showLightbox\"\n\t\t\tdata-wp-style--right=\"state.imageButtonRight\"\n\t\t\tdata-wp-style--top=\"state.imageButtonTop\"\n\t\t>\n\t\t\t<svg xmlns=\"http:\/\/www.w3.org\/2000\/svg\" width=\"12\" height=\"12\" fill=\"none\" viewBox=\"0 0 12 12\">\n\t\t\t\t<path fill=\"#fff\" d=\"M2 0a2 2 0 0 0-2 2v2h1.5V2a.5.5 0 0 1 .5-.5h2V0H2Zm2 10.5H2a.5.5 0 0 1-.5-.5V8H0v2a2 2 0 0 0 2 2h2v-1.5ZM8 12v-1.5h2a.5.5 0 0 0 .5-.5V8H12v2a2 2 0 0 1-2 2H8Zm2-12a2 2 0 0 1 2 2v2h-1.5V2a.5.5 0 0 0-.5-.5H8V0h2Z\" \/>\n\t\t\t<\/svg>\n\t\t<\/button><\/figure>\n<\/div>\n\n\n\n<div class=\"wp-block-column is-layout-flow wp-block-column-is-layout-flow\" style=\"flex-basis:50%\">\n<figure data-wp-context=\"{&quot;imageId&quot;:&quot;6a04aec37bb98&quot;}\" data-wp-interactive=\"core\/image\" data-wp-key=\"6a04aec37bb98\" class=\"wp-block-image size-full wp-lightbox-container\"><img loading=\"lazy\" decoding=\"async\" width=\"600\" height=\"600\" data-wp-class--hide=\"state.isContentHidden\" data-wp-class--show=\"state.isContentVisible\" data-wp-init=\"callbacks.setButtonStyles\" data-wp-on--click=\"actions.showLightbox\" data-wp-on--load=\"callbacks.setButtonStyles\" data-wp-on-window--resize=\"callbacks.setButtonStyles\" src=\"http:\/\/kgv-erholung-leipzig.de\/wp-content\/uploads\/2025\/06\/Befall_600x600.jpg\" alt=\"\" class=\"wp-image-3856\" srcset=\"http:\/\/kgv-erholung-leipzig.de\/wp-content\/uploads\/2025\/06\/Befall_600x600.jpg 600w, http:\/\/kgv-erholung-leipzig.de\/wp-content\/uploads\/2025\/06\/Befall_600x600-300x300.jpg 300w, http:\/\/kgv-erholung-leipzig.de\/wp-content\/uploads\/2025\/06\/Befall_600x600-150x150.jpg 150w, http:\/\/kgv-erholung-leipzig.de\/wp-content\/uploads\/2025\/06\/Befall_600x600-230x230.jpg 230w, http:\/\/kgv-erholung-leipzig.de\/wp-content\/uploads\/2025\/06\/Befall_600x600-365x365.jpg 365w\" sizes=\"auto, (max-width: 600px) 100vw, 600px\" \/><button\n\t\t\tclass=\"lightbox-trigger\"\n\t\t\ttype=\"button\"\n\t\t\taria-haspopup=\"dialog\"\n\t\t\taria-label=\"Vergr\u00f6\u00dfern\"\n\t\t\tdata-wp-init=\"callbacks.initTriggerButton\"\n\t\t\tdata-wp-on--click=\"actions.showLightbox\"\n\t\t\tdata-wp-style--right=\"state.imageButtonRight\"\n\t\t\tdata-wp-style--top=\"state.imageButtonTop\"\n\t\t>\n\t\t\t<svg xmlns=\"http:\/\/www.w3.org\/2000\/svg\" width=\"12\" height=\"12\" fill=\"none\" viewBox=\"0 0 12 12\">\n\t\t\t\t<path fill=\"#fff\" d=\"M2 0a2 2 0 0 0-2 2v2h1.5V2a.5.5 0 0 1 .5-.5h2V0H2Zm2 10.5H2a.5.5 0 0 1-.5-.5V8H0v2a2 2 0 0 0 2 2h2v-1.5ZM8 12v-1.5h2a.5.5 0 0 0 .5-.5V8H12v2a2 2 0 0 1-2 2H8Zm2-12a2 2 0 0 1 2 2v2h-1.5V2a.5.5 0 0 0-.5-.5H8V0h2Z\" \/>\n\t\t\t<\/svg>\n\t\t<\/button><\/figure>\n<\/div>\n<\/div>\n\n\n\n<p><\/p>\n","protected":false},"excerpt":{"rendered":"<p>Zurzeit tritt wieder verst\u00e4rkt die Apfelbaum-Gespinstmotte an den entsprechenden B\u00e4umen auf. Die Raupen f\u00fchren nicht zu dauerhaften Baumsch\u00e4den. F\u00fcr Menschen sind sie ungef\u00e4hrlich. Es kann aber bis zum Kahlfra\u00df der befallenen B\u00e4ume kommen. Dann f\u00e4llt die Ernte aus, oder wird<\/p>\n","protected":false},"author":1,"featured_media":0,"parent":1071,"menu_order":0,"comment_status":"closed","ping_status":"closed","template":"","meta":{"ngg_post_thumbnail":0,"footnotes":""},"class_list":["post-3853","page","type-page","status-publish","hentry"],"_links":{"self":[{"href":"http:\/\/kgv-erholung-leipzig.de\/index.php?rest_route=\/wp\/v2\/pages\/3853","targetHints":{"allow":["GET"]}}],"collection":[{"href":"http:\/\/kgv-erholung-leipzig.de\/index.php?rest_route=\/wp\/v2\/pages"}],"about":[{"href":"http:\/\/kgv-erholung-leipzig.de\/index.php?rest_route=\/wp\/v2\/types\/page"}],"author":[{"embeddable":true,"href":"http:\/\/kgv-erholung-leipzig.de\/index.php?rest_route=\/wp\/v2\/users\/1"}],"replies":[{"embeddable":true,"href":"http:\/\/kgv-erholung-leipzig.de\/index.php?rest_route=%2Fwp%2Fv2%2Fcomments&post=3853"}],"version-history":[{"count":11,"href":"http:\/\/kgv-erholung-leipzig.de\/index.php?rest_route=\/wp\/v2\/pages\/3853\/revisions"}],"predecessor-version":[{"id":3871,"href":"http:\/\/kgv-erholung-leipzig.de\/index.php?rest_route=\/wp\/v2\/pages\/3853\/revisions\/3871"}],"up":[{"embeddable":true,"href":"http:\/\/kgv-erholung-leipzig.de\/index.php?rest_route=\/wp\/v2\/pages\/1071"}],"wp:attachment":[{"href":"http:\/\/kgv-erholung-leipzig.de\/index.php?rest_route=%2Fwp%2Fv2%2Fmedia&parent=3853"}],"curies":[{"name":"wp","href":"https:\/\/api.w.org\/{rel}","templated":true}]}}