{"id":3490,"date":"2024-02-11T00:15:48","date_gmt":"2024-02-10T23:15:48","guid":{"rendered":"http:\/\/kgv-erholung-leipzig.de\/?page_id=3490"},"modified":"2024-02-11T00:31:53","modified_gmt":"2024-02-10T23:31:53","slug":"obstbaumschnitt","status":"publish","type":"page","link":"http:\/\/kgv-erholung-leipzig.de\/?page_id=3490","title":{"rendered":"Obstbaumschnitt"},"content":{"rendered":"\n<p><strong>Wie schneidet man Obstb\u00e4ume so, dass sie gesund bleiben, viele leckere Fr\u00fcchte tragen und einfach zu pflegen sind? Auf diese Frage erh\u00e4lt man von drei G\u00e4rtner:innen vier Meinungen. Ist es wirklich so kompliziert? Zum Thema Obstbaumschnitt bietet die Fachberatung des KGV Erholung im Jahr 2024 erstmals einen zweiteiligen Kurs an.<\/strong><\/p>\n\n\n\n<figure class=\"wp-block-image size-full is-resized\"><img loading=\"lazy\" decoding=\"async\" width=\"925\" height=\"581\" src=\"http:\/\/kgv-erholung-leipzig.de\/wp-content\/uploads\/2024\/02\/SaegeAnAst_925x581.png\" alt=\"\" class=\"wp-image-3493\" style=\"aspect-ratio:1.3333333333333333;object-fit:cover;width:900px\" srcset=\"http:\/\/kgv-erholung-leipzig.de\/wp-content\/uploads\/2024\/02\/SaegeAnAst_925x581.png 925w, http:\/\/kgv-erholung-leipzig.de\/wp-content\/uploads\/2024\/02\/SaegeAnAst_925x581-300x188.png 300w, http:\/\/kgv-erholung-leipzig.de\/wp-content\/uploads\/2024\/02\/SaegeAnAst_925x581-768x482.png 768w\" sizes=\"auto, (max-width: 925px) 100vw, 925px\" \/><\/figure>\n\n\n\n<p>Der Kurs zum Obstbaumschnitt konzentriert sich zun\u00e4chst auf den Schnitt von <strong>Apfelb\u00e4umen<\/strong>, die sich im sogenannten Ertragsstadium befinden. Sie haben die Jugend mit kr\u00e4ftigem Wachstum hinter sich gelassen und stecken nun ihre ganze Energie in die Fruchtproduktion. <\/p>\n\n\n\n<p>Am <strong>Freitag, den 8. M\u00e4rz 2024 <\/strong>von 18 Uhr bis ca. 19.30 Uhr werden die n\u00f6tigen <strong>theoretischen Grundkenntnisse<\/strong> im Vorstandszimmer vermittelt. Ohne sie ist es eher Zufall, wenn das Ergebnis von Schnittversuchen den Erwartungen entspricht.  \ud83d\ude0a \u2704<\/p>\n\n\n\n<p>Einen Tag sp\u00e4ter, am Samstag, erfolgt eine <strong>praktische Vorf\u00fchrung<\/strong> am Baum. Dabei besteht dann die M\u00f6glichkeit, die am Vortag erworbenen Kenntnisse zu vertiefen und weitere Fragen zu stellen. Los geht es um 10 Uhr in Garten Nr. 12.<\/p>\n\n\n\n<p>Um eine gute Vorbereitung gew\u00e4hrleisten zu k\u00f6nnen, bitten wir um <strong>Anmeldung<\/strong> \u00fcber die E-Mail-Adresse der <a href=\"http:\/\/kgv-erholung-leipzig.de\/?page_id=1071\" data-type=\"page\" data-id=\"1071\"><strong>Fachberater<\/strong><\/a> bis zu 04.03.2024.<\/p>\n\n\n\n<div style=\"height:25px\" aria-hidden=\"true\" class=\"wp-block-spacer\"><\/div>\n\n\n\n<figure class=\"wp-block-image size-full\"><img loading=\"lazy\" decoding=\"async\" width=\"720\" height=\"448\" src=\"http:\/\/kgv-erholung-leipzig.de\/wp-content\/uploads\/2024\/02\/GutGeschnittenerBaum_720.jpg\" alt=\"\" class=\"wp-image-3497\" srcset=\"http:\/\/kgv-erholung-leipzig.de\/wp-content\/uploads\/2024\/02\/GutGeschnittenerBaum_720.jpg 720w, http:\/\/kgv-erholung-leipzig.de\/wp-content\/uploads\/2024\/02\/GutGeschnittenerBaum_720-300x187.jpg 300w\" sizes=\"auto, (max-width: 720px) 100vw, 720px\" \/><figcaption class=\"wp-element-caption\">Zum Nachahmen: ein vorbildlich geschnittener Baum.<\/figcaption><\/figure>\n","protected":false},"excerpt":{"rendered":"<p>Wie schneidet man Obstb\u00e4ume so, dass sie gesund bleiben, viele leckere Fr\u00fcchte tragen und einfach zu pflegen sind? Auf diese Frage erh\u00e4lt man von drei G\u00e4rtner:innen vier Meinungen. Ist es wirklich so kompliziert? Zum Thema Obstbaumschnitt bietet die Fachberatung des<\/p>\n","protected":false},"author":1,"featured_media":0,"parent":1071,"menu_order":0,"comment_status":"closed","ping_status":"closed","template":"","meta":{"ngg_post_thumbnail":0,"footnotes":""},"class_list":["post-3490","page","type-page","status-publish","hentry"],"_links":{"self":[{"href":"http:\/\/kgv-erholung-leipzig.de\/index.php?rest_route=\/wp\/v2\/pages\/3490","targetHints":{"allow":["GET"]}}],"collection":[{"href":"http:\/\/kgv-erholung-leipzig.de\/index.php?rest_route=\/wp\/v2\/pages"}],"about":[{"href":"http:\/\/kgv-erholung-leipzig.de\/index.php?rest_route=\/wp\/v2\/types\/page"}],"author":[{"embeddable":true,"href":"http:\/\/kgv-erholung-leipzig.de\/index.php?rest_route=\/wp\/v2\/users\/1"}],"replies":[{"embeddable":true,"href":"http:\/\/kgv-erholung-leipzig.de\/index.php?rest_route=%2Fwp%2Fv2%2Fcomments&post=3490"}],"version-history":[{"count":7,"href":"http:\/\/kgv-erholung-leipzig.de\/index.php?rest_route=\/wp\/v2\/pages\/3490\/revisions"}],"predecessor-version":[{"id":3501,"href":"http:\/\/kgv-erholung-leipzig.de\/index.php?rest_route=\/wp\/v2\/pages\/3490\/revisions\/3501"}],"up":[{"embeddable":true,"href":"http:\/\/kgv-erholung-leipzig.de\/index.php?rest_route=\/wp\/v2\/pages\/1071"}],"wp:attachment":[{"href":"http:\/\/kgv-erholung-leipzig.de\/index.php?rest_route=%2Fwp%2Fv2%2Fmedia&parent=3490"}],"curies":[{"name":"wp","href":"https:\/\/api.w.org\/{rel}","templated":true}]}}