{"id":318,"date":"2016-03-18T11:19:41","date_gmt":"2016-03-18T09:19:41","guid":{"rendered":"http:\/\/kgv-erholung-leipzig.de\/?page_id=318"},"modified":"2025-08-04T00:00:32","modified_gmt":"2025-08-03T22:00:32","slug":"entleerung-der-chemietoiletten","status":"publish","type":"page","link":"http:\/\/kgv-erholung-leipzig.de\/?page_id=318","title":{"rendered":"Chemietoiletten-Leerung"},"content":{"rendered":"\n<p>Die Sanit\u00e4ranlage des <em>KGV Erholung<\/em> bietet eine Entsorgungsstation f\u00fcr Chemietoiletten. Gartenfreunde k\u00f6nnen sie in der Regel an zwei Samstagen im Monat jeweils <strong>zwischen 9:00 und 9:30 Uhr<\/strong> zum Unkostenbeitrag von 2,00 EUR (sofort vor Ort zu zahlen) nutzen:<\/p>\n\n\n\n<ul class=\"wp-block-list\">\n<li>19.04.2025<\/li>\n<\/ul>\n\n\n\n<p><\/p>\n\n\n\n<ul class=\"wp-block-list\">\n<li>03.05.2025<\/li>\n\n\n\n<li>17.05.2025<\/li>\n\n\n\n<li>31.05.2025<\/li>\n<\/ul>\n\n\n\n<p><\/p>\n\n\n\n<ul class=\"wp-block-list\">\n<li>14.06.2025<\/li>\n\n\n\n<li>28.06.2025<\/li>\n<\/ul>\n\n\n\n<p><\/p>\n\n\n\n<ul class=\"wp-block-list\">\n<li>12.07.2025<\/li>\n\n\n\n<li>26.07.2025<\/li>\n<\/ul>\n\n\n\n<p><\/p>\n\n\n\n<ul class=\"wp-block-list\">\n<li><s>09.08.2025<\/s> \u2013 entf\u00e4llt<\/li>\n\n\n\n<li>11.08.2025 18:00 &#8211; 18:30 Uhr<\/li>\n\n\n\n<li><s>23.08.2025<\/s> \u2013 entf\u00e4llt<\/li>\n\n\n\n<li>25.08.2025 18:00 &#8211; 18:30 Uhr<\/li>\n<\/ul>\n\n\n\n<p><\/p>\n\n\n\n<ul class=\"wp-block-list\">\n<li>07.09.2025<\/li>\n\n\n\n<li>21.09.2025<\/li>\n<\/ul>\n\n\n\n<p><\/p>\n\n\n\n<ul class=\"wp-block-list\">\n<li>04.10.2025<\/li>\n\n\n\n<li>18.10.2025<\/li>\n\n\n\n<li>26.10.2025<\/li>\n<\/ul>\n\n\n\n<p><br>(\u00c4nderungen vorbehalten)<\/p>\n\n\n\n<p><br>Bei Bedarf ist auch au\u00dferhalb der Zeiten eine Leerung m\u00f6glich. Dazu bitte im Garten 181 melden.<\/p>\n\n\n\n<p>Umliegende Gartenvereine k\u00f6nnen die Entsorgungsstation gegen einen Obolus ebenfalls nutzen.<\/p>\n\n\n\n<p><em>Alle weiteren Termine rund um das Vereinsleben sind <a href=\"http:\/\/kgv-erholung-leipzig.de\/?page_id=160\">hier<\/a> zu finden.<\/em><\/p>\n\n\n\n<p><\/p>\n","protected":false},"excerpt":{"rendered":"<p>Die Sanit\u00e4ranlage des KGV Erholung bietet eine Entsorgungsstation f\u00fcr Chemietoiletten. Gartenfreunde k\u00f6nnen sie in der Regel an zwei Samstagen im Monat jeweils zwischen 9:00 und 9:30 Uhr zum Unkostenbeitrag von 2,00 EUR (sofort vor Ort zu zahlen) nutzen: (\u00c4nderungen vorbehalten)<\/p>\n","protected":false},"author":1,"featured_media":0,"parent":160,"menu_order":0,"comment_status":"closed","ping_status":"closed","template":"","meta":{"ngg_post_thumbnail":0,"footnotes":""},"class_list":["post-318","page","type-page","status-publish","hentry"],"_links":{"self":[{"href":"http:\/\/kgv-erholung-leipzig.de\/index.php?rest_route=\/wp\/v2\/pages\/318","targetHints":{"allow":["GET"]}}],"collection":[{"href":"http:\/\/kgv-erholung-leipzig.de\/index.php?rest_route=\/wp\/v2\/pages"}],"about":[{"href":"http:\/\/kgv-erholung-leipzig.de\/index.php?rest_route=\/wp\/v2\/types\/page"}],"author":[{"embeddable":true,"href":"http:\/\/kgv-erholung-leipzig.de\/index.php?rest_route=\/wp\/v2\/users\/1"}],"replies":[{"embeddable":true,"href":"http:\/\/kgv-erholung-leipzig.de\/index.php?rest_route=%2Fwp%2Fv2%2Fcomments&post=318"}],"version-history":[{"count":51,"href":"http:\/\/kgv-erholung-leipzig.de\/index.php?rest_route=\/wp\/v2\/pages\/318\/revisions"}],"predecessor-version":[{"id":3916,"href":"http:\/\/kgv-erholung-leipzig.de\/index.php?rest_route=\/wp\/v2\/pages\/318\/revisions\/3916"}],"up":[{"embeddable":true,"href":"http:\/\/kgv-erholung-leipzig.de\/index.php?rest_route=\/wp\/v2\/pages\/160"}],"wp:attachment":[{"href":"http:\/\/kgv-erholung-leipzig.de\/index.php?rest_route=%2Fwp%2Fv2%2Fmedia&parent=318"}],"curies":[{"name":"wp","href":"https:\/\/api.w.org\/{rel}","templated":true}]}}