{"id":2816,"date":"2022-05-22T13:46:01","date_gmt":"2022-05-22T11:46:01","guid":{"rendered":"http:\/\/kgv-erholung-leipzig.de\/?page_id=2816"},"modified":"2022-05-22T13:46:01","modified_gmt":"2022-05-22T11:46:01","slug":"fruehlingsfest-2022","status":"publish","type":"page","link":"http:\/\/kgv-erholung-leipzig.de\/?page_id=2816","title":{"rendered":"Fr\u00fchlingsfest 2022"},"content":{"rendered":"\n<p>Am 21. Mai 2022 haben wir den Lenz gefeiert. Los ging es mit einem Picknick auf der Spielwiese. Am Nachmittag gab es einen Flohmarkt, eine Bastelstra\u00dfe und Dartwerfen. Besonders gro\u00df war der Andrang beim Kinderschminken und bei der Kohlebahn, die kleinen und gro\u00dfen G\u00e4ste eine kostenfreie Rundfahrt auf der Spielwiese bot. F\u00fcr das leibliche Wohl war durch einen Kuchenbasar, Kn\u00fcppelkuchen, Puffmais und einen Getr\u00e4nkestand gesorgt.<\/p>\n\n\n\nngg_shortcode_0_placeholder\n","protected":false},"excerpt":{"rendered":"<p>Am 21. Mai 2022 haben wir den Lenz gefeiert. Los ging es mit einem Picknick auf der Spielwiese. Am Nachmittag gab es einen Flohmarkt, eine Bastelstra\u00dfe und Dartwerfen. Besonders gro\u00df war der Andrang beim Kinderschminken und bei der Kohlebahn, die<\/p>\n","protected":false},"author":1,"featured_media":0,"parent":2,"menu_order":0,"comment_status":"closed","ping_status":"closed","template":"","meta":{"ngg_post_thumbnail":0,"footnotes":""},"class_list":["post-2816","page","type-page","status-publish","hentry"],"_links":{"self":[{"href":"http:\/\/kgv-erholung-leipzig.de\/index.php?rest_route=\/wp\/v2\/pages\/2816","targetHints":{"allow":["GET"]}}],"collection":[{"href":"http:\/\/kgv-erholung-leipzig.de\/index.php?rest_route=\/wp\/v2\/pages"}],"about":[{"href":"http:\/\/kgv-erholung-leipzig.de\/index.php?rest_route=\/wp\/v2\/types\/page"}],"author":[{"embeddable":true,"href":"http:\/\/kgv-erholung-leipzig.de\/index.php?rest_route=\/wp\/v2\/users\/1"}],"replies":[{"embeddable":true,"href":"http:\/\/kgv-erholung-leipzig.de\/index.php?rest_route=%2Fwp%2Fv2%2Fcomments&post=2816"}],"version-history":[{"count":3,"href":"http:\/\/kgv-erholung-leipzig.de\/index.php?rest_route=\/wp\/v2\/pages\/2816\/revisions"}],"predecessor-version":[{"id":2837,"href":"http:\/\/kgv-erholung-leipzig.de\/index.php?rest_route=\/wp\/v2\/pages\/2816\/revisions\/2837"}],"up":[{"embeddable":true,"href":"http:\/\/kgv-erholung-leipzig.de\/index.php?rest_route=\/wp\/v2\/pages\/2"}],"wp:attachment":[{"href":"http:\/\/kgv-erholung-leipzig.de\/index.php?rest_route=%2Fwp%2Fv2%2Fmedia&parent=2816"}],"curies":[{"name":"wp","href":"https:\/\/api.w.org\/{rel}","templated":true}]}}