{"id":274,"date":"2016-03-07T16:39:56","date_gmt":"2016-03-07T14:39:56","guid":{"rendered":"http:\/\/kgv-erholung-leipzig.de\/?page_id=274"},"modified":"2024-03-08T10:13:00","modified_gmt":"2024-03-08T09:13:00","slug":"freie-gaerten","status":"publish","type":"page","link":"http:\/\/kgv-erholung-leipzig.de\/?page_id=274","title":{"rendered":"Freie G\u00e4rten"},"content":{"rendered":"\n<p><strong>Derzeit stehen keine freie G\u00e4rten zur Verf\u00fcgung. Wer sich in unsere Warteliste eintragen m\u00f6chte, wird gebeten, sich pers\u00f6nlich in der Sprechstunde des Vorstands vorzustellen. Sie findet jeden zweiten Mittwoch im Monat von 17:00 bis 18:00 Uhr im Vereinszimmer statt.<\/strong><\/p>\n\n\n\n<p><\/p>\n\n\n\n<p><\/p>\n\n\n\n<p>Mit der Pacht eines Kleingartens sind u.a. verbunden:<\/p>\n\n\n\n<ul class=\"wp-block-list\">\n<li>freie Nutzungs- und Gestaltungsm\u00f6glichkeiten der gepachteten Parzelle im Rahmen des Bundeskleingartengesetzes (<a rel=\"noopener noreferrer\" href=\"http:\/\/www.gesetze-im-internet.de\/bkleingg\/index.html\" target=\"_blank\">BKleinG<\/a>), der <a href=\"https:\/\/www.stadtverband-leipzig.de\/vereins-und-kleingartenrecht\/\" target=\"_blank\" rel=\"noreferrer noopener\">Kleingartenordnung<\/a> des <em>Stadtverband Leipzig der Kleing\u00e4rtner e.V.<\/em>&nbsp; und der Satzung des <em>KGV Erholung e.V.<\/em><\/li>\n\n\n\n<li>Interesse an einem toleranten und friedlichen Miteinander<\/li>\n\n\n\n<li>Teilnahme am Vereinsleben (u.a. Beteiligung an Arbeitseins\u00e4tzen, Mitgliederversammlungen sowie Unterst\u00fctzung z.B. bei Veranstaltungen und Bauvorhaben)<\/li>\n<\/ul>\n\n\n\n<p>Bei Interesse an einem freien Garten nehmen Sie bitte <a href=\"http:\/\/kgv-erholung-leipzig.de\/?page_id=12\">Kontakt<\/a> mit dem <a href=\"http:\/\/kgv-erholung-leipzig.de\/?page_id=272\">Vorstand<\/a> auf. Gerne vereinbaren wir einen Termin zur Besichtigung und zum gegenseitigen Kennenlernen.<\/p>\n\n\n\n<p>Die Sch\u00e4tzpreise sind als Maximalbetr\u00e4ge f\u00fcr die individuelle Preisverhandlung zwischen altem und neuem P\u00e4chter zu verstehen. Als Grundlage f\u00fcr den Verkauf kann <a href=\"http:\/\/kgv-erholung-leipzig.de\/wp-content\/uploads\/2016\/04\/Musterkaufvertrag.pdf\" target=\"_blank\" rel=\"noopener noreferrer\">dieser Mustervertrag<\/a> genutzt werden.<\/p>\n\n\n\n<p><strong>WICHTIG: Der Kaufvertrag erlangt erst seine G\u00fcltigkeit, wenn eine Mitgliedschaft im Verein vorliegt und der Pachtvertrag unterschrieben wurde.<\/strong><\/p>\n\n\n\n<p><span style=\"text-decoration: underline;\"><a href=\"http:\/\/kgv-erholung-leipzig.de\/?page_id=611\">&gt;&gt; Noch mehr Wissenswertes zur Pacht eines Kleingartens (Kosten, Kaufvertrag, \u00dcbergabe etc.)<\/a><\/span><\/p>\n","protected":false},"excerpt":{"rendered":"<p>Derzeit stehen keine freie G\u00e4rten zur Verf\u00fcgung. Wer sich in unsere Warteliste eintragen m\u00f6chte, wird gebeten, sich pers\u00f6nlich in der Sprechstunde des Vorstands vorzustellen. Sie findet jeden zweiten Mittwoch im Monat von 17:00 bis 18:00 Uhr im Vereinszimmer statt. Mit<\/p>\n","protected":false},"author":1,"featured_media":0,"parent":8,"menu_order":0,"comment_status":"closed","ping_status":"closed","template":"","meta":{"ngg_post_thumbnail":0,"footnotes":""},"class_list":["post-274","page","type-page","status-publish","hentry"],"_links":{"self":[{"href":"http:\/\/kgv-erholung-leipzig.de\/index.php?rest_route=\/wp\/v2\/pages\/274","targetHints":{"allow":["GET"]}}],"collection":[{"href":"http:\/\/kgv-erholung-leipzig.de\/index.php?rest_route=\/wp\/v2\/pages"}],"about":[{"href":"http:\/\/kgv-erholung-leipzig.de\/index.php?rest_route=\/wp\/v2\/types\/page"}],"author":[{"embeddable":true,"href":"http:\/\/kgv-erholung-leipzig.de\/index.php?rest_route=\/wp\/v2\/users\/1"}],"replies":[{"embeddable":true,"href":"http:\/\/kgv-erholung-leipzig.de\/index.php?rest_route=%2Fwp%2Fv2%2Fcomments&post=274"}],"version-history":[{"count":127,"href":"http:\/\/kgv-erholung-leipzig.de\/index.php?rest_route=\/wp\/v2\/pages\/274\/revisions"}],"predecessor-version":[{"id":3535,"href":"http:\/\/kgv-erholung-leipzig.de\/index.php?rest_route=\/wp\/v2\/pages\/274\/revisions\/3535"}],"up":[{"embeddable":true,"href":"http:\/\/kgv-erholung-leipzig.de\/index.php?rest_route=\/wp\/v2\/pages\/8"}],"wp:attachment":[{"href":"http:\/\/kgv-erholung-leipzig.de\/index.php?rest_route=%2Fwp%2Fv2%2Fmedia&parent=274"}],"curies":[{"name":"wp","href":"https:\/\/api.w.org\/{rel}","templated":true}]}}