{"id":2219,"date":"2020-09-01T23:28:27","date_gmt":"2020-09-01T21:28:27","guid":{"rendered":"http:\/\/kgv-erholung-leipzig.de\/?page_id=2219"},"modified":"2021-04-12T10:22:16","modified_gmt":"2021-04-12T08:22:16","slug":"120-jahre-kgv-erholung","status":"publish","type":"page","link":"http:\/\/kgv-erholung-leipzig.de\/?page_id=2219","title":{"rendered":"120 Jahre KGV Erholung"},"content":{"rendered":"\n<figure class=\"wp-block-image size-large is-resized\"><img loading=\"lazy\" decoding=\"async\" src=\"http:\/\/kgv-erholung-leipzig.de\/wp-content\/uploads\/2020\/09\/Logo120Jahre_trans.png\" alt=\"\" class=\"wp-image-2223\" width=\"477\" height=\"348\" srcset=\"http:\/\/kgv-erholung-leipzig.de\/wp-content\/uploads\/2020\/09\/Logo120Jahre_trans.png 636w, http:\/\/kgv-erholung-leipzig.de\/wp-content\/uploads\/2020\/09\/Logo120Jahre_trans-300x219.png 300w\" sizes=\"auto, (max-width: 477px) 100vw, 477px\" \/><\/figure>\n\n\n\n<p>Im Jahr 2020 blickte unser Kleingartenverein auf sein 120-j\u00e4hriges Bestehen zur\u00fcck. Ein stolzes Alter, das eine angemessene Feier ohne Frage rechtfertigt. So war f\u00fcr den 5. und 6. September ein gro\u00dfes Gartenfest geplant. Doch dieses musste der Vorstand aufgrund schwer erf\u00fcllbarer Auflagen der Corona-Schutzverordnung leider absagen.  <\/p>\n\n\n\n<p>Kleiner Trost: Die Ausstellung &#8222;120 Jahre KGV Erholung&#8220;, die Teil des Gartenfestes werden sollte, fand planm\u00e4\u00dfig statt. Die von einer Arbeitsgruppe vorbereitete Schau war in der Spielhalle zu sehen.<\/p>\n\n\n\n<div class=\"wp-block-image\"><figure class=\"aligncenter size-large is-resized\"><a href=\"http:\/\/kgv-erholung-leipzig.de\/wp-content\/uploads\/2020\/09\/Plakat-Ausste-120-Jahre.pdf\" target=\"_blank\" rel=\"noreferrer noopener\"><img loading=\"lazy\" decoding=\"async\" src=\"http:\/\/kgv-erholung-leipzig.de\/wp-content\/uploads\/2020\/09\/Plakat_Austellung_120Jahre.png\" alt=\"\" class=\"wp-image-2226\" width=\"444\" height=\"316\" srcset=\"http:\/\/kgv-erholung-leipzig.de\/wp-content\/uploads\/2020\/09\/Plakat_Austellung_120Jahre.png 592w, http:\/\/kgv-erholung-leipzig.de\/wp-content\/uploads\/2020\/09\/Plakat_Austellung_120Jahre-300x213.png 300w\" sizes=\"auto, (max-width: 444px) 100vw, 444px\" \/><\/a><figcaption><em>Das Plakat zur Ausstellung (Klick zum Herunterladen)<\/em><\/figcaption><\/figure><\/div>\n\n\n\n<p>Zwischen dem 5. und 12. September konnten Besucher in festgelegten Zeitr\u00e4umen die Exponate und Schautafeln besichtigen. Verpflichtend war das Tragen einer Mund- und Nasenbedeckung. Maximal f\u00fcnf Personen konnten die Ausstellung gleichzeitig besuchen.<\/p>\n\n\n\nngg_shortcode_0_placeholder\n\n\n\n<h2 class=\"wp-block-heading\">Attraktionen und Aktivit\u00e4ten rund um die Ausstellung<\/h2>\n\n\n\n<ul class=\"wp-block-list\"><li>Interessantes Quiz f\u00fcr gro\u00dfe und kleine G\u00e4rtner mit spannenden Fragen und vielen Preisen<\/li><li>5. und 6. September: Kr\u00e4ppelchen und Eis (Festwiese)<\/li><li>5. September ab 11 Uhr: Essen aus der Gulaschkanone und Spezialit\u00e4ten vom Grill (Gastst\u00e4tte)<\/li><li>6. September ab 10 Uhr: Fr\u00fchschoppen mit Katerfr\u00fchst\u00fcck (Gastst\u00e4tte)<\/li><\/ul>\n\n\n\n<figure class=\"wp-block-image size-large\"><img loading=\"lazy\" decoding=\"async\" width=\"1024\" height=\"768\" src=\"http:\/\/kgv-erholung-leipzig.de\/wp-content\/uploads\/2020\/09\/BiergartenSkat-1024x768.jpg\" alt=\"\" class=\"wp-image-2258\" srcset=\"http:\/\/kgv-erholung-leipzig.de\/wp-content\/uploads\/2020\/09\/BiergartenSkat-1024x768.jpg 1024w, http:\/\/kgv-erholung-leipzig.de\/wp-content\/uploads\/2020\/09\/BiergartenSkat-300x225.jpg 300w, http:\/\/kgv-erholung-leipzig.de\/wp-content\/uploads\/2020\/09\/BiergartenSkat-768x576.jpg 768w, http:\/\/kgv-erholung-leipzig.de\/wp-content\/uploads\/2020\/09\/BiergartenSkat-1536x1152.jpg 1536w, http:\/\/kgv-erholung-leipzig.de\/wp-content\/uploads\/2020\/09\/BiergartenSkat-2048x1536.jpg 2048w\" sizes=\"auto, (max-width: 1024px) 100vw, 1024px\" \/><\/figure>\n\n\n\n<p><\/p>\n","protected":false},"excerpt":{"rendered":"<p>Im Jahr 2020 blickte unser Kleingartenverein auf sein 120-j\u00e4hriges Bestehen zur\u00fcck. Ein stolzes Alter, das eine angemessene Feier ohne Frage rechtfertigt. So war f\u00fcr den 5. und 6. September ein gro\u00dfes Gartenfest geplant. Doch dieses musste der Vorstand aufgrund schwer<\/p>\n","protected":false},"author":1,"featured_media":0,"parent":6,"menu_order":0,"comment_status":"closed","ping_status":"closed","template":"","meta":{"ngg_post_thumbnail":0,"footnotes":""},"class_list":["post-2219","page","type-page","status-publish","hentry"],"_links":{"self":[{"href":"http:\/\/kgv-erholung-leipzig.de\/index.php?rest_route=\/wp\/v2\/pages\/2219","targetHints":{"allow":["GET"]}}],"collection":[{"href":"http:\/\/kgv-erholung-leipzig.de\/index.php?rest_route=\/wp\/v2\/pages"}],"about":[{"href":"http:\/\/kgv-erholung-leipzig.de\/index.php?rest_route=\/wp\/v2\/types\/page"}],"author":[{"embeddable":true,"href":"http:\/\/kgv-erholung-leipzig.de\/index.php?rest_route=\/wp\/v2\/users\/1"}],"replies":[{"embeddable":true,"href":"http:\/\/kgv-erholung-leipzig.de\/index.php?rest_route=%2Fwp%2Fv2%2Fcomments&post=2219"}],"version-history":[{"count":9,"href":"http:\/\/kgv-erholung-leipzig.de\/index.php?rest_route=\/wp\/v2\/pages\/2219\/revisions"}],"predecessor-version":[{"id":2501,"href":"http:\/\/kgv-erholung-leipzig.de\/index.php?rest_route=\/wp\/v2\/pages\/2219\/revisions\/2501"}],"up":[{"embeddable":true,"href":"http:\/\/kgv-erholung-leipzig.de\/index.php?rest_route=\/wp\/v2\/pages\/6"}],"wp:attachment":[{"href":"http:\/\/kgv-erholung-leipzig.de\/index.php?rest_route=%2Fwp%2Fv2%2Fmedia&parent=2219"}],"curies":[{"name":"wp","href":"https:\/\/api.w.org\/{rel}","templated":true}]}}