{"id":1725,"date":"2019-09-08T22:07:45","date_gmt":"2019-09-08T20:07:45","guid":{"rendered":"http:\/\/kgv-erholung-leipzig.de\/?page_id=1725"},"modified":"2020-06-13T22:27:41","modified_gmt":"2020-06-13T20:27:41","slug":"kleingartenanlage-des-jahres-2019","status":"publish","type":"page","link":"http:\/\/kgv-erholung-leipzig.de\/?page_id=1725","title":{"rendered":"Kleingartenanlage des Jahres 2019"},"content":{"rendered":"<p>&nbsp;<\/p>\n<figure id=\"attachment_1753\" aria-describedby=\"caption-attachment-1753\" style=\"width: 500px\" class=\"wp-caption aligncenter\"><img loading=\"lazy\" decoding=\"async\" class=\"wp-image-1753\" src=\"http:\/\/kgv-erholung-leipzig.de\/wp-content\/uploads\/2019\/09\/Siegerehrung_400-1.jpg\" alt=\"\" width=\"500\" height=\"375\" srcset=\"http:\/\/kgv-erholung-leipzig.de\/wp-content\/uploads\/2019\/09\/Siegerehrung_400-1.jpg 600w, http:\/\/kgv-erholung-leipzig.de\/wp-content\/uploads\/2019\/09\/Siegerehrung_400-1-300x225.jpg 300w\" sizes=\"auto, (max-width: 500px) 100vw, 500px\" \/><figcaption id=\"caption-attachment-1753\" class=\"wp-caption-text\">Foto: SLK<\/figcaption><\/figure>\n<p>Die Stadt Leipzig hat uns als &#8222;Kleingartenanlage des Jahres 2019&#8220; ausgezeichnet. Gr\u00fcnde f\u00fcr den Titel in der Kategorie III sind die gute \u00f6ffentliche Nutzbarkeit der Gr\u00fcnanlagen sowie das soziale und familienfreundliche Engagement. Am 24. August 2019 nahm unsere damalige Vorsitzende Tina G\u00f6tze die Auszeichnung bei der Preisverleihung im Rahmen des 28. Tag des Gartens entgegen.<br \/>\nIn Kategorie I (bis zu 70 G\u00e4rten) gewann der KGV Waldluft in Leutzsch und in Kategorie II (bis 200 G\u00e4rten) der <a href=\"http:\/\/kgv-neues-leben.de\/\" target=\"_blank\" rel=\"noopener noreferrer\">KGV Neues Leben<\/a> in St\u00f6tteritz.<\/p>\n<p>Vorausgegangen war ein umfangreiches Bewerbungsverfahren. Bei der Bewertung waren folgende Kriterien von Bedeutung:<\/p>\n<ul>\n<li>Zug\u00e4nglichkeit der Kleingartenanlage f\u00fcr die \u00d6ffentlichkeit<img loading=\"lazy\" decoding=\"async\" class=\"alignright size-medium wp-image-1735\" src=\"http:\/\/kgv-erholung-leipzig.de\/wp-content\/uploads\/2019\/09\/Hauptweg_Sonnenblumen-300x225.jpg\" alt=\"\" width=\"300\" height=\"225\" srcset=\"http:\/\/kgv-erholung-leipzig.de\/wp-content\/uploads\/2019\/09\/Hauptweg_Sonnenblumen-300x225.jpg 300w, http:\/\/kgv-erholung-leipzig.de\/wp-content\/uploads\/2019\/09\/Hauptweg_Sonnenblumen-768x576.jpg 768w, http:\/\/kgv-erholung-leipzig.de\/wp-content\/uploads\/2019\/09\/Hauptweg_Sonnenblumen-1024x768.jpg 1024w\" sizes=\"auto, (max-width: 300px) 100vw, 300px\" \/><\/li>\n<li>Au\u00dfenwirkung und Selbstdarstellung des Vereins<\/li>\n<li>Qualit\u00e4t der \u00f6ffentlich zug\u00e4nglichen Gemeinschaftsfl\u00e4chen<\/li>\n<li>Ber\u00fccksichtigung der Belange des Umwelt- und Naturschutzes<\/li>\n<li>Aktives Vereinsleben und soziales Miteinander<\/li>\n<li>\u00d6ffnung nach Au\u00dfen\/soziales Engagement im Stadtviertel<\/li>\n<\/ul>\n<p>Die Wettbewerbsjury setzte sich aus Vertretern des Kleingartenbeirates der Stadt Leipzig, des Stadtverbandes Leipzig der Kleing\u00e4rtner (SLK) und des Kreisverbandes Leipzig sowie des Amtes f\u00fcr Stadtgr\u00fcn und Gew\u00e4sser der Stadt Leipzig zusammen. Sie kam zu einem Besichtigungstermin, bei dem wir die M\u00f6glichkeit hatten, uns zu pr\u00e4sentieren, Projekte vorzustellen, die Jury durch die Anlage zu f\u00fchren und Fragen der Jury zu beantworten.<\/p>\n<p><img loading=\"lazy\" decoding=\"async\" class=\"size-medium wp-image-1734 alignleft\" style=\"background-color: transparent; color: #333333; float: left; font-family: Georgia,&amp;quot; times new roman&amp;quot;,&amp;quot;bitstream charter&amp;quot;,times,serif; font-size: 16px; font-style: normal; font-variant: normal; font-weight: 400; height: 300px; letter-spacing: normal; max-width: 1380px; orphans: 2; text-align: left; text-decoration: none; text-indent: 0px; text-transform: none; -webkit-text-stroke-width: 0px; white-space: normal; word-spacing: 0px; margin: 8px 16px 8px 0px;\" src=\"http:\/\/kgv-erholung-leipzig.de\/wp-content\/uploads\/2019\/09\/Urkunde-KGV-des-Jahres-2019-300x300.jpg\" alt=\"\" width=\"300\" height=\"300\" srcset=\"http:\/\/kgv-erholung-leipzig.de\/wp-content\/uploads\/2019\/09\/Urkunde-KGV-des-Jahres-2019-300x300.jpg 300w, http:\/\/kgv-erholung-leipzig.de\/wp-content\/uploads\/2019\/09\/Urkunde-KGV-des-Jahres-2019-150x150.jpg 150w, http:\/\/kgv-erholung-leipzig.de\/wp-content\/uploads\/2019\/09\/Urkunde-KGV-des-Jahres-2019-768x768.jpg 768w, http:\/\/kgv-erholung-leipzig.de\/wp-content\/uploads\/2019\/09\/Urkunde-KGV-des-Jahres-2019-1024x1024.jpg 1024w, http:\/\/kgv-erholung-leipzig.de\/wp-content\/uploads\/2019\/09\/Urkunde-KGV-des-Jahres-2019.jpg 2048w\" sizes=\"auto, (max-width: 300px) 100vw, 300px\" \/>Und das sagt der Vorstand zu der Ehrung:<br \/>\n<em>&#8222;Diese Auszeichnung ist ein Ergebnis der Arbeit der vielen ehrenamtlichen t\u00e4tigen Mitglieder des Vereins in der Baukommission, Kulturkommission, Spielplatzkommission und der Fachberater sowie des Seniorenstammtisches und all jener, die mehr als acht Stunden Arbeit f\u00fcr den Verein leisten. Daf\u00fcr gilt ihnen der Dank und die Anerkennung des Vorstandes. Mit der Auszeichnung ist eine Pr\u00e4mie in H\u00f6he von 1.000 Euro verbunden, die wir f\u00fcr ein Projekt im Rahmen des 120j\u00e4hrigen Bestehens verwenden m\u00f6chten.&#8220;<\/em><\/p>\n<p>Im Jahr 1999, also genau vor 20 Jahren, durften wir uns schon einmal &#8222;Kleingartenanlage des Jahres&#8220; nennen. Damals wurde der Titel erstmals vergeben. In unserer <a href=\"http:\/\/kgv-erholung-leipzig.de\/wp-content\/uploads\/2016\/12\/Chronik-KGV-Erholung-1900-2000_small.pdf\" target=\"_blank\" rel=\"noopener noreferrer\">Vereinschronik zum 100. Gr\u00fcndungsjubil\u00e4um<\/a> hei\u00dft es dazu: &#8220; Die Anlage erf\u00fcllt, wie viele andere auch, die wichtigsten Kriterien des Wettbewerbs. Sie ist gut gepflegt, \u00f6ffentlich zug\u00e4ngig, entfaltet ein reges Vereinsleben und ist eng mit dem Wohngebiet verbunden.&#8220;<\/p>\n","protected":false},"excerpt":{"rendered":"<p>&nbsp; Die Stadt Leipzig hat uns als &#8222;Kleingartenanlage des Jahres 2019&#8220; ausgezeichnet. Gr\u00fcnde f\u00fcr den Titel in der Kategorie III sind die gute \u00f6ffentliche Nutzbarkeit der Gr\u00fcnanlagen sowie das soziale und familienfreundliche Engagement. Am 24. August 2019 nahm unsere damalige<\/p>\n","protected":false},"author":1,"featured_media":0,"parent":6,"menu_order":0,"comment_status":"closed","ping_status":"closed","template":"","meta":{"ngg_post_thumbnail":0,"footnotes":""},"class_list":["post-1725","page","type-page","status-publish","hentry"],"_links":{"self":[{"href":"http:\/\/kgv-erholung-leipzig.de\/index.php?rest_route=\/wp\/v2\/pages\/1725","targetHints":{"allow":["GET"]}}],"collection":[{"href":"http:\/\/kgv-erholung-leipzig.de\/index.php?rest_route=\/wp\/v2\/pages"}],"about":[{"href":"http:\/\/kgv-erholung-leipzig.de\/index.php?rest_route=\/wp\/v2\/types\/page"}],"author":[{"embeddable":true,"href":"http:\/\/kgv-erholung-leipzig.de\/index.php?rest_route=\/wp\/v2\/users\/1"}],"replies":[{"embeddable":true,"href":"http:\/\/kgv-erholung-leipzig.de\/index.php?rest_route=%2Fwp%2Fv2%2Fcomments&post=1725"}],"version-history":[{"count":22,"href":"http:\/\/kgv-erholung-leipzig.de\/index.php?rest_route=\/wp\/v2\/pages\/1725\/revisions"}],"predecessor-version":[{"id":2173,"href":"http:\/\/kgv-erholung-leipzig.de\/index.php?rest_route=\/wp\/v2\/pages\/1725\/revisions\/2173"}],"up":[{"embeddable":true,"href":"http:\/\/kgv-erholung-leipzig.de\/index.php?rest_route=\/wp\/v2\/pages\/6"}],"wp:attachment":[{"href":"http:\/\/kgv-erholung-leipzig.de\/index.php?rest_route=%2Fwp%2Fv2%2Fmedia&parent=1725"}],"curies":[{"name":"wp","href":"https:\/\/api.w.org\/{rel}","templated":true}]}}