{"id":1607,"date":"2019-03-01T13:01:17","date_gmt":"2019-03-01T12:01:17","guid":{"rendered":"http:\/\/kgv-erholung-leipzig.de\/?page_id=1607"},"modified":"2026-03-01T01:18:06","modified_gmt":"2026-03-01T00:18:06","slug":"tipps-fuer-maerz-und-april","status":"publish","type":"page","link":"http:\/\/kgv-erholung-leipzig.de\/?page_id=1607","title":{"rendered":"Tipps f\u00fcr M\u00e4rz und April"},"content":{"rendered":"\n<p><strong>Der Fr\u00fchling lockt uns Gartenfreunde in unsere kleinen Oasen. Wer Wildkrokusse oder Winterlinge im Garten hat, kann sich an den ersten Bienen und \u00fcberwinterten Hummelk\u00f6niginnen erfreuen. Jetzt wartet der Garten darauf, wieder genutzt zu werden. <\/strong><\/p>\n\n\n<div class=\"wp-block-image\">\n<figure class=\"aligncenter\"><img loading=\"lazy\" decoding=\"async\" width=\"800\" height=\"517\" src=\"http:\/\/kgv-erholung-leipzig.de\/wp-content\/uploads\/2019\/03\/Fruehlingsblueher_800.jpg\" alt=\"\" class=\"wp-image-1624\" srcset=\"http:\/\/kgv-erholung-leipzig.de\/wp-content\/uploads\/2019\/03\/Fruehlingsblueher_800.jpg 800w, http:\/\/kgv-erholung-leipzig.de\/wp-content\/uploads\/2019\/03\/Fruehlingsblueher_800-300x194.jpg 300w, http:\/\/kgv-erholung-leipzig.de\/wp-content\/uploads\/2019\/03\/Fruehlingsblueher_800-768x496.jpg 768w\" sizes=\"auto, (max-width: 800px) 100vw, 800px\" \/><\/figure>\n<\/div>\n\n\n<p><\/p>\n\n\n\n<h2 class=\"wp-block-heading\">Aussaat von M\u00f6hren, Kohl und Sommerblumen<\/h2>\n\n\n\n<p>Fr\u00fche, frostunempfindliche Arten (z. B. fr\u00fche Radieschen, Spinat, Pastinaken, auch M\u00f6hren) k\u00f6nnen bereits ausges\u00e4t werden. Wenn der Boden w\u00e4rmer ist, folgen Kohlarten, Rote Beete, auch einj\u00e4hrige Sommerblumen.<\/p>\n\n\n\n<p> Der Anbau von Steckzwiebeln liefert fr\u00fchere und gr\u00f6\u00dfere Ernten als die Aussaat von Zwiebelsamen.  Unter Frostschutz (Hauben, Folientunnel, Kleingew\u00e4chhaus u. \u00e4.) kann schon fr\u00fchzeitig Kohlrabi und Salat gepflanzt werden.<\/p>\n\n\n\n<h2 class=\"wp-block-heading\">Vorgekeimte Pflanzkartoffeln f\u00fcr h\u00f6here Ertr\u00e4ge<\/h2>\n\n\n<div class=\"wp-block-image\">\n<figure class=\"alignright size-large is-resized\"><a href=\"http:\/\/kgv-erholung-leipzig.de\/wp-content\/uploads\/2019\/03\/Pflanzkartoffel_800.jpg\"><img loading=\"lazy\" decoding=\"async\" src=\"http:\/\/kgv-erholung-leipzig.de\/wp-content\/uploads\/2019\/03\/Pflanzkartoffel_800.jpg\" alt=\"\" class=\"wp-image-1610\" width=\"266\" height=\"199\" srcset=\"http:\/\/kgv-erholung-leipzig.de\/wp-content\/uploads\/2019\/03\/Pflanzkartoffel_800.jpg 800w, http:\/\/kgv-erholung-leipzig.de\/wp-content\/uploads\/2019\/03\/Pflanzkartoffel_800-300x225.jpg 300w, http:\/\/kgv-erholung-leipzig.de\/wp-content\/uploads\/2019\/03\/Pflanzkartoffel_800-768x576.jpg 768w\" sizes=\"auto, (max-width: 266px) 100vw, 266px\" \/><\/a><figcaption class=\"wp-element-caption\">Augen an Pflanzkartoffel<\/figcaption><\/figure>\n<\/div>\n\n\n<p>Sp\u00e4testens Anfang M\u00e4rz Pflanzkartoffeln zum Vorkeimen an einen hellen Platz stellen, dabei beachten, dass die Seite mit den meisten Augen nach oben kommt. Vorgekeimte Pflanzkartoffeln sind weniger empfindlich gegen Witterungseinfl\u00fcsse und Krankheiten und bringen h\u00f6here und fr\u00fchere Ertr\u00e4ge. Kartoffeln mit langen, br\u00fcchigen Dunkelkeimen sind geschw\u00e4cht und bringen nur geringere Ertr\u00e4ge. Im April k\u00f6nnen die Kartoffeln in den Boden. Anh\u00e4ufeln nicht vergessen.<\/p>\n\n\n\n<p>Wer neue Rosen pflanzen m\u00f6chte \u2013 bis Ende April ist daf\u00fcr die optimale Zeit. Bei der Sortenwahl empfiehlt es sich, tolerante oder resistente Sorten (besonders gegen rosentypische Pilzkrankheiten) zu setzen. Dahlien k\u00f6nnen Mitte April in die Erde.<\/p>\n\n\n\n<h2 class=\"wp-block-heading\">Jetzt Obstb\u00e4ume richtig pflanzen<\/h2>\n\n\n<div class=\"wp-block-image\">\n<figure class=\"alignright\"><a href=\"http:\/\/kgv-erholung-leipzig.de\/wp-content\/uploads\/2013\/03\/bean-plant-2348098_640.jpg\"><img loading=\"lazy\" decoding=\"async\" width=\"150\" height=\"150\" src=\"http:\/\/kgv-erholung-leipzig.de\/wp-content\/uploads\/2013\/03\/bean-plant-2348098_640-150x150.jpg\" alt=\"\" class=\"wp-image-1197\"\/><\/a><figcaption class=\"wp-element-caption\">Keimling<\/figcaption><\/figure>\n<\/div>\n\n\n<p>Wer Pflanzen selbst vorzieht, hat ab M\u00e4rz gut zu tun. Im Zimmer ist es daf\u00fcr oft zu warm und zu dunkel, sodass die S\u00e4mlinge vergeilen. Dann besser sp\u00e4ter im Garten auss\u00e4en. Es hat sich bew\u00e4hrt, die Aussaaten auch im Gew\u00e4chshaus mit Glasscheiben abzudecken, um f\u00fcr ein feuchtes Kleinklima zu sorgen. Wenn das erste regul\u00e4re Blattpaar entstanden ist, Jungpflanzen pikieren und vor dem Auspflanzen ins Freiland gut abh\u00e4rten.<\/p>\n\n\n\n<p>Es ist wieder Pflanzzeit f\u00fcr Obstb\u00e4ume. Halb- und Hochst\u00e4mme werden viel zu gro\u00df f\u00fcr unsere G\u00e4rten und brauchen viele Jahre bis zur ersten Ernte. Empfehlenswert sind B\u00fcsche oder Viertelst\u00e4mme, Baumschulen und Fachberater im Verein beraten gern. Bei Jungb\u00e4umen ist ein Pflanzschnitt n\u00f6tig. Baumschulen f\u00fchren ihn in der Regel unmittelbar vor dem Verkauf durch.<br><br>Bei Neuanpflanzungen beachten: Kernobst (Apfel, Birne, Quitte) nicht nach Kernobst und Steinobst (Pflaume, Kirsche usw.) nicht nach Steinobst an der gleichen Stelle pflanzen. Die jungen B\u00e4ume w\u00fcrden verk\u00fcmmern. Die Fachberater geben gern weitere Ausk\u00fcnfte und Hinweise.<\/p>\n\n\n\n<p>Beim Pflanzen von Obstb\u00e4umen unbedingt beachten: die Veredlungsstelle (Verdickung am unteren Stammbereich) muss nach dem Pflanzen ca. 10 cm \u00fcber dem gewachsenen Boden stehen. Sonst w\u00fcrde die aufgepfropfte Sorte eigene Wurzeln bilden. Damit w\u00e4re die Veredelung nutzlos.<\/p>\n\n\n\n<h2 class=\"wp-block-heading\">Pflegearbeiten<\/h2>\n\n\n\n<p><strong>Obstbaumschnitt<\/strong> beenden. Der Schnitt von Kernobst noch vor der Bl\u00fcte, nachdem die Knospen aufgebrochen sind, schw\u00e4cht den Neuaustrieb stark. Damit kann ein mehrj\u00e4hriger Baum, der stark w\u00e4chst, aber nicht bl\u00fcht, zum Bl\u00fchen angeregt werden. Besser jedoch ist es in einem solchen Fall, die steilen, starken Triebe herunterzubinden.<\/p>\n\n\n<div class=\"wp-block-image wp-image-1611\">\n<figure class=\"alignright is-resized\"><a href=\"http:\/\/kgv-erholung-leipzig.de\/wp-content\/uploads\/2019\/03\/KohlrabiSalat_800.jpg\"><img loading=\"lazy\" decoding=\"async\" src=\"http:\/\/kgv-erholung-leipzig.de\/wp-content\/uploads\/2019\/03\/KohlrabiSalat_800-225x300.jpg\" alt=\"Kohlrabi- und Salatpflanzen\" class=\"wp-image-1611\" width=\"188\" height=\"251\" srcset=\"http:\/\/kgv-erholung-leipzig.de\/wp-content\/uploads\/2019\/03\/KohlrabiSalat_800-225x300.jpg 225w, http:\/\/kgv-erholung-leipzig.de\/wp-content\/uploads\/2019\/03\/KohlrabiSalat_800.jpg 600w\" sizes=\"auto, (max-width: 188px) 100vw, 188px\" \/><\/a><figcaption class=\"wp-element-caption\">Fr\u00fchlingsbeet &#8211; auch bei Schnecken beliebt<\/figcaption><\/figure>\n<\/div>\n\n\n<p><strong>Steinobst<\/strong> (Kirsch, Pflaume, Aprikose) kann noch bis April ausgelichtet werden. Der beste Zeitpunkt daf\u00fcr ist aber die Zeit unmittelbar nach der Ernte.<br>Ausnahme: Pfirsiche am besten w\u00e4hrend oder kurz nach der Bl\u00fcte schneiden. Sogenannte falsche Fruchttriebe erkennt man beim genauen Hinsehen: Wahre Fruchttriebe haben bei den Bl\u00fctenknospen ein oder zwei kleinere Blattknospen. Bei falschen Fruchttrieben sind zwar ebenfalls rundliche Bl\u00fctenknospen vorhanden, jedoch keine Blattknospen. Eventuelle Fruchtans\u00e4tze k\u00f6nnen deshalb nicht ern\u00e4hrt werden, die kleinen Fr\u00fcchte fallen ab. Deshalb falsche Fruchttriebe, wenn sie nicht zum Kronenaufbau ben\u00f6tigt werden, entfernen.<\/p>\n\n\n\n<p><strong>Rosen<\/strong> zur\u00fcckschneiden, als Anhaltspunkt f\u00fcr die passende Zeit dazu gilt die Bl\u00fcte der Forsythien.<\/p>\n\n\n\n<p>Wer jetzt erste auftretende <strong>Schnecken<\/strong> bek\u00e4mpft, hat sp\u00e4ter weniger \u00c4rger mit deren gefr\u00e4\u00dfigem Nachwuchs.<\/p>\n\n\n\n<p>Viele Pflanzen sind dankbar f\u00fcr eine <strong>Kompostgabe<\/strong> und f\u00fcr <strong>D\u00fcngung<\/strong>. Bei letzterer bitte auf chemisch-synthetische D\u00fcngemittel verzichten und auf organische D\u00fcnger ausweichen. Eine <a href=\"https:\/\/stadtverband-leipzig.de\/index.php\/der-boden-im-kleingarten\/148-wann-brauchen-wir-eine-bodenuntersuchung\" target=\"_blank\" rel=\"noopener noreferrer\">Bodenuntersuchung, z. B. beim Stadtverband der Kleing\u00e4rtner<\/a>, liefert genau Informationen \u00fcber den D\u00fcngemittelbedarf f\u00fcr die einzelnen Kulturen.<\/p>\n\n\n\n<p><strong>Rasenpflege<\/strong>: Abgestorbene Gr\u00e4ser entfernen (Vertikutieren), L\u00fccken durch Nachsaat schlie\u00dfen.<\/p>\n\n\n\n<p>Beim Anbau von besonders durch Sch\u00e4dlinge gef\u00e4hrdeten Gem\u00fcsearten (z. B. Blumenkohl) ist das dichte \u00dcberspannen mit einem <strong>Insektenschutznetz<\/strong> sinnvoll.<\/p>\n\n\n\n<figure class=\"wp-block-image alignwide size-full\"><img loading=\"lazy\" decoding=\"async\" width=\"720\" height=\"352\" src=\"http:\/\/kgv-erholung-leipzig.de\/wp-content\/uploads\/2023\/03\/MarienkaeferJagtBlattlaeuse.jpg\" alt=\"\" class=\"wp-image-2959\" srcset=\"http:\/\/kgv-erholung-leipzig.de\/wp-content\/uploads\/2023\/03\/MarienkaeferJagtBlattlaeuse.jpg 720w, http:\/\/kgv-erholung-leipzig.de\/wp-content\/uploads\/2023\/03\/MarienkaeferJagtBlattlaeuse-300x147.jpg 300w\" sizes=\"auto, (max-width: 720px) 100vw, 720px\" \/><\/figure>\n\n\n\n<p>In manchen Jahren kommt es witterungsbedingt im Fr\u00fchjahr zu einem Massenauftreten von Blattl\u00e4usen. Dies kann vor allem junge Pflanzen stark schw\u00e4chen. Je nach befallener Pflanze ist es sinnvoll, die L\u00e4use durch Abstreifen mit der Hand oder Abspritzen mit einem scharfen Wasserstrahl zu entfernen.<\/p>\n\n\n<div class=\"wp-block-image\">\n<figure class=\"alignright size-medium\"><img loading=\"lazy\" decoding=\"async\" width=\"300\" height=\"225\" src=\"http:\/\/kgv-erholung-leipzig.de\/wp-content\/uploads\/2023\/02\/marienkaefer-eier_600x450-300x225.jpg\" alt=\"kleine Gelber Eier reihen sich hinter einem Marienk\u00e4fer\" class=\"wp-image-2944\" srcset=\"http:\/\/kgv-erholung-leipzig.de\/wp-content\/uploads\/2023\/02\/marienkaefer-eier_600x450-300x225.jpg 300w, http:\/\/kgv-erholung-leipzig.de\/wp-content\/uploads\/2023\/02\/marienkaefer-eier_600x450.jpg 600w\" sizes=\"auto, (max-width: 300px) 100vw, 300px\" \/><\/figure>\n<\/div>\n\n\n<p>Wer N\u00fctzlinge f\u00f6rdert, hat nat\u00fcrliche Lausfeinde im Garten. Besonders hungrig sind ihre Larven. Ein m\u00f6glicher N\u00fctzling ist der Marienk\u00e4fer. Das Foto zeigt ihn bei der Eiablage.<\/p>\n\n\n\n<p>Wenn man einige abgetragene Rosen- oder Gr\u00fcnkohlpflanzen bl\u00fchen l\u00e4sst, lockt das Schwebfliegen in den Garten, die ebenfalls gro\u00dfen Appetit auf Blattl\u00e4use haben.<\/p>\n\n\n\n<div style=\"height:1px\" aria-hidden=\"true\" class=\"wp-block-spacer\"><\/div>\n\n\n<div class=\"wp-block-image\">\n<figure class=\"alignleft size-full is-resized\"><img loading=\"lazy\" decoding=\"async\" src=\"http:\/\/kgv-erholung-leipzig.de\/wp-content\/uploads\/2018\/01\/hand-157251.png\" alt=\"\" class=\"wp-image-1072\" width=\"83\" height=\"199\"\/><\/figure>\n<\/div>\n\n\n<h2 class=\"wp-block-heading\">Der besondere Tipp des Gr\u00fcnen Daumen<\/h2>\n\n\n\n<p>Gebrauchte Pflanzentrays, z. B. von im Fr\u00fchjahr gekauften Stiefm\u00fctterchen und anderen Pflanzen, eignen sich hervorragend f\u00fcr das Pikieren der selbstgezogenen Blumen- und Gem\u00fcsepflanzen.<\/p>\n\n\n\n<div style=\"height:20px\" aria-hidden=\"true\" class=\"wp-block-spacer\"><\/div>\n\n\n<div class=\"wp-block-image\">\n<figure class=\"alignleft is-resized\"><img loading=\"lazy\" decoding=\"async\" src=\"http:\/\/kgv-erholung-leipzig.de\/wp-content\/uploads\/2019\/03\/Osterpflanze_Liane_Ei_800-254x300.png\" alt=\"\" class=\"wp-image-1620\" width=\"197\" height=\"233\" srcset=\"http:\/\/kgv-erholung-leipzig.de\/wp-content\/uploads\/2019\/03\/Osterpflanze_Liane_Ei_800-254x300.png 254w, http:\/\/kgv-erholung-leipzig.de\/wp-content\/uploads\/2019\/03\/Osterpflanze_Liane_Ei_800.png 677w\" sizes=\"auto, (max-width: 197px) 100vw, 197px\" \/><\/figure>\n<\/div>\n\n\n<p><em><span style=\"color: #99cc00;\"><\/span><\/em><br><em>Einen sch\u00f6nen und erfolgreichen Start ins neue Gartenjahr<br>und viele sch\u00f6ne Stunden im Fr\u00fchlingsgarten w\u00fcnschen<\/em><\/p>\n\n\n\n<p><a href=\"http:\/\/kgv-erholung-leipzig.de\/?page_id=1071\"><em>die Fachberater des KGV Erholung<\/em><\/a><\/p>\n\n\n\n<div style=\"height:20px\" aria-hidden=\"true\" class=\"wp-block-spacer\"><\/div>\n\n\n\n<figure class=\"wp-block-table\"><table><tbody><tr><td><a href=\"http:\/\/kgv-erholung-leipzig.de\/?page_id=1527\">&lt;&lt; Tipps f\u00fcr Januar und Februar<\/a><\/td><td class=\"has-text-align-right\" data-align=\"right\"><a href=\"http:\/\/kgv-erholung-leipzig.de\/?page_id=1219\">Tipps f\u00fcr Mai und Juni &gt;&gt;<\/a><\/td><\/tr><\/tbody><\/table><\/figure>\n","protected":false},"excerpt":{"rendered":"<p>Der Fr\u00fchling lockt uns Gartenfreunde in unsere kleinen Oasen. Wer Wildkrokusse oder Winterlinge im Garten hat, kann sich an den ersten Bienen und \u00fcberwinterten Hummelk\u00f6niginnen erfreuen. Jetzt wartet der Garten darauf, wieder genutzt zu werden. Aussaat von M\u00f6hren, Kohl und<\/p>\n","protected":false},"author":1,"featured_media":0,"parent":1071,"menu_order":2,"comment_status":"closed","ping_status":"closed","template":"","meta":{"ngg_post_thumbnail":0,"footnotes":""},"class_list":["post-1607","page","type-page","status-publish","hentry"],"_links":{"self":[{"href":"http:\/\/kgv-erholung-leipzig.de\/index.php?rest_route=\/wp\/v2\/pages\/1607","targetHints":{"allow":["GET"]}}],"collection":[{"href":"http:\/\/kgv-erholung-leipzig.de\/index.php?rest_route=\/wp\/v2\/pages"}],"about":[{"href":"http:\/\/kgv-erholung-leipzig.de\/index.php?rest_route=\/wp\/v2\/types\/page"}],"author":[{"embeddable":true,"href":"http:\/\/kgv-erholung-leipzig.de\/index.php?rest_route=\/wp\/v2\/users\/1"}],"replies":[{"embeddable":true,"href":"http:\/\/kgv-erholung-leipzig.de\/index.php?rest_route=%2Fwp%2Fv2%2Fcomments&post=1607"}],"version-history":[{"count":38,"href":"http:\/\/kgv-erholung-leipzig.de\/index.php?rest_route=\/wp\/v2\/pages\/1607\/revisions"}],"predecessor-version":[{"id":3129,"href":"http:\/\/kgv-erholung-leipzig.de\/index.php?rest_route=\/wp\/v2\/pages\/1607\/revisions\/3129"}],"up":[{"embeddable":true,"href":"http:\/\/kgv-erholung-leipzig.de\/index.php?rest_route=\/wp\/v2\/pages\/1071"}],"wp:attachment":[{"href":"http:\/\/kgv-erholung-leipzig.de\/index.php?rest_route=%2Fwp%2Fv2%2Fmedia&parent=1607"}],"curies":[{"name":"wp","href":"https:\/\/api.w.org\/{rel}","templated":true}]}}