{"id":160,"date":"2015-09-03T23:13:25","date_gmt":"2015-09-03T21:13:25","guid":{"rendered":"http:\/\/kgv-erholung-leipzig.de\/?page_id=160"},"modified":"2025-12-24T00:16:00","modified_gmt":"2025-12-23T23:16:00","slug":"termine","status":"publish","type":"page","link":"http:\/\/kgv-erholung-leipzig.de\/?page_id=160","title":{"rendered":"Termine"},"content":{"rendered":"\n<h2 class=\"wp-block-heading has-text-align-center\"><strong>2026<\/strong><\/h2>\n\n\n\n<p class=\"has-text-align-center\"><em>Stand: 22.12.202<\/em>5<\/p>\n\n\n\n<h3 class=\"wp-block-heading\">Januar<\/h3>\n\n\n\n<p>\u00a0Donnerstag, 29.01.2026  Veteranenstammtisch 15:00 Uhr Gastst\u00e4tte<\/p>\n\n\n\n<h3 class=\"wp-block-heading\">Februar<\/h3>\n\n\n\n<p>Donnerstag, 26.02.2026  Veteranenstammtisch 15:00 Uhr Gastst\u00e4tte<\/p>\n\n\n\n<h3 class=\"wp-block-heading\">M\u00e4rz<\/h3>\n\n\n\n<p>Samstag, 08.03.2026  Frauentagsfeier Zeit\/Ort siehe Aushang<br>Samstag, 14.03.2026  1. Arbeitseinsatz \/ Container 08:00 Uhr<br>Freitag\/Samstag, 20.\/21.03.2026  Seminar: Obstb\u00e4ume pflanzen, Pflege Jungb\u00e4ume (Uhrzeit und Ort siehe Aushang)<br>Samstag, 21.03.2026  Wegewartsitzung 09:30 Uhr Spielhalle<br>Donnerstag, 26.03.2026  Veteranenstammtisch 15:00 Uhr Gastst\u00e4tte<br>Samstag, 28.03.2026  Wasser anstellen, Verplombung 09:00-13:00 Uhr (unter Vorbehalt)<\/p>\n\n\n\n<h3 class=\"wp-block-heading\">April<\/h3>\n\n\n\n<p>Samstag, 18.04.2026  2. Arbeitseinsatz 08:00 Uhr<br>Samstag, 25.04.2026  Jahreshauptversammlung 09:00 Uhr<br>Donnerstag, 30.04.2026  Veteranenstammtisch 15:00 Uhr Gastst\u00e4tte<\/p>\n\n\n\n<h3 class=\"wp-block-heading\">Mai<\/h3>\n\n\n\n<p>Samstag, 09.05.2026  3. Arbeitseinsatz \/ Gartenbegehung 08:00 Uhr<br>Samstag, 16.05.2026  Pflanzenb\u00f6rse 10:00 Uhr<br>Donnerstag, 28.05.2026  Veteranenstammtisch 15:00 Uhr Gastst\u00e4tte<\/p>\n\n\n\n<h3 class=\"wp-block-heading\">Juni<\/h3>\n\n\n\n<p>Samstag, 06.06.2026  Neup\u00e4chtertreffen 10:00 Uhr Spielhalle<br>Samstag, 13.06.2026  4. Arbeitseinsatz \/ Container 08:00 Uhr<br>Donnerstag, 25.06.2026  Veteranenstammtisch 15:00 Uhr Gastst\u00e4tte<br>Samstag, 27.06.2026  Sommerfest (Uhrzeit und Ort siehe Aushang)<\/p>\n\n\n\n<h3 class=\"wp-block-heading\">Juli<\/h3>\n\n\n\n<p>Samstag, 11.07.2026  5. Arbeitseinsatz 08:00 Uhr<br>Donnerstag, 30.07.2026  Veteranenstammtisch 15:00 Uhr Gastst\u00e4tte<\/p>\n\n\n\n<h3 class=\"wp-block-heading\">August<\/h3>\n\n\n\n<p>Samstag, 15.08.2026  6. Arbeitseinsatz 08:00 Uhr<br>Donnerstag, 27.08.2026  Veteranenstammtisch 15:00 Uhr Spielhalle<\/p>\n\n\n\n<h3 class=\"wp-block-heading\">September<\/h3>\n\n\n\n<p>Freitag\/Samstag, 18.\/19.09.2026  Seminar: alte Obstb\u00e4ume pflegen (Uhrzeit und Ort siehe Aushang)<br>Samstag, 19.09.2026  7. Arbeitseinsatz \/ Container 08:00 Uhr<br>Donnerstag, 24.09.2026  Veteranenstammtisch 15:00 Uhr Gastst\u00e4tte<br>Samstag, 26.09.2026  Gartenbegehung 09:00 Uhr<\/p>\n\n\n\n<h3 class=\"wp-block-heading\">Oktober<\/h3>\n\n\n\n<p>Samstag, 10.10.2026  Pflanzenb\u00f6rse 10:00-12:00 Spielhalle<br>Samstag, 17.10.2026  Wegewartsitzung 09:30 Uhr Vereinshaus<br>Samstag, 24.10.2026  8. Arbeitseinsatz 08:00 Uhr<br>Donnerstag, 29.10.2026  Veteranenstammtisch 15:00 Uhr Gastst\u00e4tte<br>Samstag, 31.10.2026  Halloweenfeier (Uhrzeit und Ort siehe Aushang)<\/p>\n\n\n\n<h3 class=\"wp-block-heading\">November<\/h3>\n\n\n\n<p>Samstag, 07.11.2026  9. Arbeitseinsatz \/ Container 08:00 Uhr<br>Samstag, 07.11.2026  Wasser abstellen ab 08:00 Uhr unter Vorbehalt<\/p>\n\n\n\n<h3 class=\"wp-block-heading\">Dezember<\/h3>\n\n\n\n<p>Donnerstag, 26.11.2026  Veteranenstammtisch 15:00 Uhr Gastst\u00e4tte<br>Sonntag, 06.12.2026  Rentnerweihnachtsfeier 15:00 Uhr Gastst\u00e4tte<\/p>\n\n\n\n<div style=\"height:15px\" aria-hidden=\"true\" class=\"wp-block-spacer\"><\/div>\n\n\n\n<p class=\"p1\"><b>Die <\/b><strong>Sprechzeiten des <a href=\"http:\/\/kgv-erholung-leipzig.de\/?page_id=272\" data-type=\"page\" data-id=\"272\">Vorstandes<\/a> <\/strong><b>finden jeden zweiten Mittwoch im Monat von 17:00-18:00 Uhr statt.<\/b><\/p>\n\n\n\n<p class=\"p1\"><b>Die Termine f\u00fcr die <\/b><strong>Leerung der Chemietoiletten<\/strong><b> im Jahr 2026 stehen noch nicht fest<\/b><b>.<\/b><\/p>\n\n\n\n<pre id=\"block-e63bf4e6-674c-416d-b926-2eac4b4fe0b6\" class=\"wp-block-preformatted\"> <em>\u00c4nderungen m\u00f6glich!<\/em><\/pre>\n\n\n\n<div style=\"height:20px\" aria-hidden=\"true\" class=\"wp-block-spacer\"><\/div>\n\n\n\n<p><\/p>\n","protected":false},"excerpt":{"rendered":"<p>2026 Stand: 22.12.2025 Januar \u00a0Donnerstag, 29.01.2026 Veteranenstammtisch 15:00 Uhr Gastst\u00e4tte Februar Donnerstag, 26.02.2026 Veteranenstammtisch 15:00 Uhr Gastst\u00e4tte M\u00e4rz Samstag, 08.03.2026 Frauentagsfeier Zeit\/Ort siehe AushangSamstag, 14.03.2026 1. Arbeitseinsatz \/ Container 08:00 UhrFreitag\/Samstag, 20.\/21.03.2026 Seminar: Obstb\u00e4ume pflanzen, Pflege Jungb\u00e4ume (Uhrzeit und Ort<\/p>\n","protected":false},"author":1,"featured_media":0,"parent":6,"menu_order":0,"comment_status":"closed","ping_status":"open","template":"","meta":{"ngg_post_thumbnail":0,"footnotes":""},"class_list":["post-160","page","type-page","status-publish","hentry"],"_links":{"self":[{"href":"http:\/\/kgv-erholung-leipzig.de\/index.php?rest_route=\/wp\/v2\/pages\/160","targetHints":{"allow":["GET"]}}],"collection":[{"href":"http:\/\/kgv-erholung-leipzig.de\/index.php?rest_route=\/wp\/v2\/pages"}],"about":[{"href":"http:\/\/kgv-erholung-leipzig.de\/index.php?rest_route=\/wp\/v2\/types\/page"}],"author":[{"embeddable":true,"href":"http:\/\/kgv-erholung-leipzig.de\/index.php?rest_route=\/wp\/v2\/users\/1"}],"replies":[{"embeddable":true,"href":"http:\/\/kgv-erholung-leipzig.de\/index.php?rest_route=%2Fwp%2Fv2%2Fcomments&post=160"}],"version-history":[{"count":257,"href":"http:\/\/kgv-erholung-leipzig.de\/index.php?rest_route=\/wp\/v2\/pages\/160\/revisions"}],"predecessor-version":[{"id":3989,"href":"http:\/\/kgv-erholung-leipzig.de\/index.php?rest_route=\/wp\/v2\/pages\/160\/revisions\/3989"}],"up":[{"embeddable":true,"href":"http:\/\/kgv-erholung-leipzig.de\/index.php?rest_route=\/wp\/v2\/pages\/6"}],"wp:attachment":[{"href":"http:\/\/kgv-erholung-leipzig.de\/index.php?rest_route=%2Fwp%2Fv2%2Fmedia&parent=160"}],"curies":[{"name":"wp","href":"https:\/\/api.w.org\/{rel}","templated":true}]}}